{"id":147,"date":"2016-03-24T22:58:52","date_gmt":"2016-03-24T20:58:52","guid":{"rendered":"http:\/\/sehristan.org\/?page_id=147"},"modified":"2023-12-18T12:10:34","modified_gmt":"2023-12-18T09:10:34","slug":"hakkimizda","status":"publish","type":"page","link":"https:\/\/sehristan.org\/index.php\/hakkimizda\/","title":{"rendered":"Hakk\u0131m\u0131zda"},"content":{"rendered":"<p>[et_pb_section fb_built=&#8221;1&#8243; fullwidth=&#8221;on&#8221; custom_padding_last_edited=&#8221;on|desktop&#8221; admin_label=&#8221;section&#8221; _builder_version=&#8221;4.16&#8243; custom_padding=&#8221;0px|0px|0|0px|false|false&#8221; custom_padding_tablet=&#8221;50px|0|50px|0&#8243; custom_padding_phone=&#8221;&#8221; transparent_background=&#8221;off&#8221; global_colors_info=&#8221;{}&#8221;][et_pb_fullwidth_slider show_arrows=&#8221;off&#8221; show_pagination=&#8221;off&#8221; admin_label=&#8221;Fullwidth Slider&#8221; _builder_version=&#8221;4.16&#8243; parallax=&#8221;on&#8221; custom_padding=&#8221;|||&#8221; custom_padding_tablet=&#8221;|||&#8221; custom_padding_phone=&#8221;|||&#8221; box_shadow_style=&#8221;preset6&#8243; box_shadow_blur=&#8221;10px&#8221; box_shadow_color=&#8221;rgba(0,0,0,0.1)&#8221; remove_inner_shadow=&#8221;off&#8221; hide_content_on_mobile=&#8221;off&#8221; hide_cta_on_mobile=&#8221;off&#8221; show_inner_shadow=&#8221;on&#8221; button_letter_spacing_hover=&#8221;0&#8243; global_colors_info=&#8221;{}&#8221; button_text_size__hover_enabled=&#8221;off&#8221; button_one_text_size__hover_enabled=&#8221;off&#8221; button_two_text_size__hover_enabled=&#8221;off&#8221; button_text_color__hover_enabled=&#8221;off&#8221; button_one_text_color__hover_enabled=&#8221;off&#8221; button_two_text_color__hover_enabled=&#8221;off&#8221; button_border_width__hover_enabled=&#8221;off&#8221; button_one_border_width__hover_enabled=&#8221;off&#8221; button_two_border_width__hover_enabled=&#8221;off&#8221; button_border_color__hover_enabled=&#8221;off&#8221; button_one_border_color__hover_enabled=&#8221;off&#8221; button_two_border_color__hover_enabled=&#8221;off&#8221; button_border_radius__hover_enabled=&#8221;off&#8221; button_one_border_radius__hover_enabled=&#8221;off&#8221; button_two_border_radius__hover_enabled=&#8221;off&#8221; button_letter_spacing__hover_enabled=&#8221;on&#8221; button_letter_spacing__hover=&#8221;0&#8243; button_one_letter_spacing__hover_enabled=&#8221;off&#8221; button_two_letter_spacing__hover_enabled=&#8221;off&#8221; button_bg_color__hover_enabled=&#8221;off&#8221; button_one_bg_color__hover_enabled=&#8221;off&#8221; button_two_bg_color__hover_enabled=&#8221;off&#8221;][et_pb_slide heading=&#8221;M\u0130SYONUMUZ&#8221; use_bg_overlay=&#8221;off&#8221; use_text_overlay=&#8221;off&#8221; _builder_version=&#8221;4.16&#8243; header_font=&#8221;||||&#8221; header_font_size=&#8221;60&#8243; header_line_height=&#8221;1.5em&#8221; body_font=&#8221;||||&#8221; body_font_size=&#8221;20&#8243; background_color=&#8221;#ffffff&#8221; background_image=&#8221;https:\/\/sehristan.org\/wp-content\/uploads\/2016\/03\/bghk-2.jpg&#8221; background_position=&#8221;top_center&#8221; button_icon_placement=&#8221;right&#8221; button_on_hover=&#8221;on&#8221; header_font_size_tablet=&#8221;60&#8243; header_font_size_phone=&#8221;60&#8243; header_line_height_tablet=&#8221;2em&#8221; header_line_height_phone=&#8221;2em&#8221; body_font_size_tablet=&#8221;25&#8243; body_font_size_phone=&#8221;25&#8243; global_colors_info=&#8221;{}&#8221; button_text_size__hover_enabled=&#8221;off&#8221; button_one_text_size__hover_enabled=&#8221;off&#8221; button_two_text_size__hover_enabled=&#8221;off&#8221; button_text_color__hover_enabled=&#8221;off&#8221; button_one_text_color__hover_enabled=&#8221;off&#8221; button_two_text_color__hover_enabled=&#8221;off&#8221; button_border_width__hover_enabled=&#8221;off&#8221; button_one_border_width__hover_enabled=&#8221;off&#8221; button_two_border_width__hover_enabled=&#8221;off&#8221; button_border_color__hover_enabled=&#8221;off&#8221; button_one_border_color__hover_enabled=&#8221;off&#8221; button_two_border_color__hover_enabled=&#8221;off&#8221; button_border_radius__hover_enabled=&#8221;off&#8221; button_one_border_radius__hover_enabled=&#8221;off&#8221; button_two_border_radius__hover_enabled=&#8221;off&#8221; button_letter_spacing__hover_enabled=&#8221;off&#8221; button_one_letter_spacing__hover_enabled=&#8221;off&#8221; button_two_letter_spacing__hover_enabled=&#8221;off&#8221; button_bg_color__hover_enabled=&#8221;off&#8221; button_one_bg_color__hover_enabled=&#8221;off&#8221; button_two_bg_color__hover_enabled=&#8221;off&#8221; sticky_transition=&#8221;on&#8221;]<\/p>\n<p>&nbsp;<\/p>\n<p><b>Sa\u011fl\u0131kl\u0131 d\u00fc\u015f\u00fcnebilen, <\/b><\/p>\n<p><b>i\u00e7 huzura ula\u015fm\u0131\u015f, <\/b><\/p>\n<p><b>erdemli ve g\u00fc\u00e7l\u00fc bireyler <\/b><\/p>\n<p><b>yeti\u015ftirmek.<\/b><\/p>\n<p>[\/et_pb_slide][\/et_pb_fullwidth_slider][\/et_pb_section][et_pb_section fb_built=&#8221;1&#8243; fullwidth=&#8221;on&#8221; custom_padding_last_edited=&#8221;on|desktop&#8221; admin_label=&#8221;section&#8221; _builder_version=&#8221;4.16&#8243; custom_padding=&#8221;0px|0px|0|0px|false|false&#8221; custom_padding_tablet=&#8221;50px|0|50px|0&#8243; custom_padding_phone=&#8221;&#8221; transparent_background=&#8221;off&#8221; global_colors_info=&#8221;{}&#8221;][et_pb_fullwidth_slider show_arrows=&#8221;off&#8221; show_pagination=&#8221;off&#8221; admin_label=&#8221;Fullwidth Slider&#8221; _builder_version=&#8221;4.16&#8243; body_font=&#8221;||||||||&#8221; parallax=&#8221;on&#8221; custom_padding=&#8221;|||&#8221; custom_padding_tablet=&#8221;|||&#8221; custom_padding_phone=&#8221;|||&#8221; box_shadow_style=&#8221;preset6&#8243; box_shadow_blur=&#8221;10px&#8221; box_shadow_color=&#8221;rgba(0,0,0,0.1)&#8221; remove_inner_shadow=&#8221;off&#8221; hide_content_on_mobile=&#8221;off&#8221; hide_cta_on_mobile=&#8221;off&#8221; show_inner_shadow=&#8221;on&#8221; button_letter_spacing_hover=&#8221;0&#8243; global_colors_info=&#8221;{}&#8221; button_text_size__hover_enabled=&#8221;off&#8221; button_one_text_size__hover_enabled=&#8221;off&#8221; button_two_text_size__hover_enabled=&#8221;off&#8221; button_text_color__hover_enabled=&#8221;off&#8221; button_one_text_color__hover_enabled=&#8221;off&#8221; button_two_text_color__hover_enabled=&#8221;off&#8221; button_border_width__hover_enabled=&#8221;off&#8221; button_one_border_width__hover_enabled=&#8221;off&#8221; button_two_border_width__hover_enabled=&#8221;off&#8221; button_border_color__hover_enabled=&#8221;off&#8221; button_one_border_color__hover_enabled=&#8221;off&#8221; button_two_border_color__hover_enabled=&#8221;off&#8221; button_border_radius__hover_enabled=&#8221;off&#8221; button_one_border_radius__hover_enabled=&#8221;off&#8221; button_two_border_radius__hover_enabled=&#8221;off&#8221; button_letter_spacing__hover_enabled=&#8221;on&#8221; button_letter_spacing__hover=&#8221;0&#8243; button_one_letter_spacing__hover_enabled=&#8221;off&#8221; button_two_letter_spacing__hover_enabled=&#8221;off&#8221; button_bg_color__hover_enabled=&#8221;off&#8221; button_one_bg_color__hover_enabled=&#8221;off&#8221; button_two_bg_color__hover_enabled=&#8221;off&#8221;][et_pb_slide heading=&#8221;V\u0130ZYONUMUZ&#8221; use_bg_overlay=&#8221;off&#8221; use_text_overlay=&#8221;off&#8221; _builder_version=&#8221;4.16&#8243; header_font=&#8221;||||||||&#8221; header_font_size=&#8221;60&#8243; header_line_height=&#8221;1.5em&#8221; body_font=&#8221;||||||||&#8221; body_font_size=&#8221;20&#8243; background_color=&#8221;#ffffff&#8221; background_image=&#8221;https:\/\/sehristan.org\/wp-content\/uploads\/2016\/03\/bghk-2.jpg&#8221; background_position=&#8221;top_center&#8221; button_icon_placement=&#8221;right&#8221; button_on_hover=&#8221;on&#8221; header_font_size_tablet=&#8221;60&#8243; header_font_size_phone=&#8221;60&#8243; header_line_height_tablet=&#8221;2em&#8221; header_line_height_phone=&#8221;2em&#8221; body_font_size_tablet=&#8221;25&#8243; body_font_size_phone=&#8221;25&#8243; global_colors_info=&#8221;{}&#8221; button_text_size__hover_enabled=&#8221;off&#8221; button_one_text_size__hover_enabled=&#8221;off&#8221; button_two_text_size__hover_enabled=&#8221;off&#8221; button_text_color__hover_enabled=&#8221;off&#8221; button_one_text_color__hover_enabled=&#8221;off&#8221; button_two_text_color__hover_enabled=&#8221;off&#8221; button_border_width__hover_enabled=&#8221;off&#8221; button_one_border_width__hover_enabled=&#8221;off&#8221; button_two_border_width__hover_enabled=&#8221;off&#8221; button_border_color__hover_enabled=&#8221;off&#8221; button_one_border_color__hover_enabled=&#8221;off&#8221; button_two_border_color__hover_enabled=&#8221;off&#8221; button_border_radius__hover_enabled=&#8221;off&#8221; button_one_border_radius__hover_enabled=&#8221;off&#8221; button_two_border_radius__hover_enabled=&#8221;off&#8221; button_letter_spacing__hover_enabled=&#8221;off&#8221; button_one_letter_spacing__hover_enabled=&#8221;off&#8221; button_two_letter_spacing__hover_enabled=&#8221;off&#8221; button_bg_color__hover_enabled=&#8221;off&#8221; button_one_bg_color__hover_enabled=&#8221;off&#8221; button_two_bg_color__hover_enabled=&#8221;off&#8221; sticky_transition=&#8221;on&#8221;]<\/p>\n<p><b><\/b><\/p>\n<p><b>\u0130yi, do\u011fru ve g\u00fczel olan\u0131 hakim k\u0131lmada <\/b><\/p>\n<p><b>lider bir kurulu\u015f olmak<\/b><\/p>\n<p>[\/et_pb_slide][\/et_pb_fullwidth_slider][\/et_pb_section][et_pb_section fb_built=&#8221;1&#8243; custom_padding_last_edited=&#8221;on|desktop&#8221; _builder_version=&#8221;4.16&#8243; custom_padding=&#8221;0px||0px|&#8221; custom_padding_tablet=&#8221;50px|0|50px|0&#8243; custom_padding_phone=&#8221;&#8221; transparent_background=&#8221;off&#8221; padding_mobile=&#8221;off&#8221; global_colors_info=&#8221;{}&#8221;][et_pb_row _builder_version=&#8221;4.16&#8243; background_size=&#8221;initial&#8221; background_position=&#8221;top_left&#8221; background_repeat=&#8221;repeat&#8221; global_colors_info=&#8221;{}&#8221;][et_pb_column type=&#8221;4_4&#8243; _builder_version=&#8221;4.16&#8243; custom_padding=&#8221;|||&#8221; global_colors_info=&#8221;{}&#8221; custom_padding__hover=&#8221;|||&#8221;][et_pb_text disabled_on=&#8221;on||&#8221; _builder_version=&#8221;4.16&#8243; background_size=&#8221;initial&#8221; background_position=&#8221;top_left&#8221; background_repeat=&#8221;repeat&#8221; border_style=&#8221;solid&#8221; global_colors_info=&#8221;{}&#8221;]<\/p>\n<p>\u015eehristan \u0130zcilik Spor Kul\u00fcb\u00fc,\u00a0 Kars ilinde tamam\u0131 g\u00f6n\u00fcll\u00fclerden olu\u015fan bir ekip taraf\u0131ndan 2015 y\u0131l\u0131nda kurulmu\u015f bir sivil toplum kurulu\u015fudur.<\/p>\n<p>Ama\u00e7lar\u0131m\u0131z:<\/p>\n<p>Minimum maliyete dayal\u0131 ve Allah(c.c.) r\u0131zas\u0131 bilinciyle \u00e7al\u0131\u015fmalar yapmak,<\/p>\n<p>Do\u011fa-\u0130nsan aras\u0131nda bozulan uyum ve dengenin yeniden kurulmas\u0131na \u00e7al\u0131\u015fan etkin bir \u00e7evre kurulu\u015fu olmak,<\/p>\n<p>\u00c7evre ve K\u00fclt\u00fcr de\u011ferlerimizin tan\u0131t\u0131m\u0131, korunmas\u0131, onar\u0131m\u0131n\u0131 sa\u011flayarak, \u00fclkesini ve milletini seven bir nesil yeti\u015ftirmek i\u00e7in \u00e7al\u0131\u015fma yapmak,<\/p>\n<p>Bedensel ve zihinsel olarak sa\u011fl\u0131kl\u0131, zinde, milli, manevi ve ahlaki sosyal ve k\u00fclt\u00fcrel de\u011ferlere ba\u011fl\u0131, \u00e7evreye duyarl\u0131, \u00fcst\u00fcn vas\u0131fl\u0131, e\u011fitimli, k\u00fclt\u00fcrl\u00fc ve g\u00f6rg\u00fcl\u00fc bireyler olarak yeti\u015fmesine katk\u0131da bulunmak,<\/p>\n<p>\u0130zcilik ile fikirce uyan\u0131k, ahlak\u00e7a d\u00fcr\u00fcst, el becerileri il kritik analitik d\u00fc\u015f\u00fcncelerini birle\u015ftirerek \u00e7ok y\u00f6nl\u00fc geli\u015fmi\u015f, beden ve zihince sa\u011flam bireyler yeti\u015ftirmek.<\/p>\n<p>Kar\u015f\u0131l\u0131kl\u0131 sevgi ve sayg\u0131 duygular\u0131yla, birlik ve beraberlik i\u00e7inde ya\u015famaya; mutlu, huzurlu ve g\u00fcvenli olmaya y\u00f6nelik her t\u00fcrl\u00fc sosyal \u00e7al\u0131\u015fma ile \u00e7evre ve k\u00fclt\u00fcre duyarl\u0131 bireyler yeti\u015ftirmek,<\/p>\n<p>Yarat\u0131l\u0131\u015f gayesini bilen milli k\u00fclt\u00fcr ve ahlak sahibi, \u00fclkesini ve milletini seven bireylerden meydana gelen bir toplumun olu\u015fmas\u0131na katk\u0131da bulunmak,<\/p>\n<p>Toplumdaki t\u00fcm aile bireylerinin; bilgi ve beceri y\u00f6n\u00fcnden g\u00fcn\u00fcm\u00fcz ve gelecek d\u00f6nemin gereklerine g\u00f6re donat\u0131lm\u0131\u015f; milli, manevi, dini, ahlaki ve evrensel de\u011ferlere ba\u011fl\u0131; hukuku ve insan haklar\u0131n\u0131 benimsemi\u015f, \u00e7evreye duyarl\u0131, bedenen ve ruhen sa\u011fl\u0131kl\u0131, \u00fcst\u00fcn vas\u0131fl\u0131, e\u011fitimli, k\u00fclt\u00fcrl\u00fc, g\u00f6rg\u00fcl\u00fc, hizmet \u00fcretme niyet, kapasite ve ufkuna sahip; olaylar\u0131 ger\u00e7ek boyutlar\u0131 ile kavray\u0131p olumlu y\u00f6ne y\u00f6nlendirebilecek analitik ve kritik d\u00fc\u015f\u00fcnme yetene\u011fini edinmi\u015f ki\u015filer olarak yeti\u015fmesine katk\u0131da bulunarak, b\u00f6yle ailelerin olu\u015fturdu\u011fu mutlu ve huzurlu bir toplum olu\u015fmas\u0131n\u0131 sa\u011flamak.<\/p>\n<p>[\/et_pb_text][\/et_pb_column][\/et_pb_row][\/et_pb_section][et_pb_section fb_built=&#8221;1&#8243; custom_padding_last_edited=&#8221;on|desktop&#8221; _builder_version=&#8221;4.16&#8243; custom_padding=&#8221;0px||0px|&#8221; custom_padding_tablet=&#8221;50px|0|50px|0&#8243; custom_padding_phone=&#8221;&#8221; transparent_background=&#8221;off&#8221; padding_mobile=&#8221;off&#8221; global_colors_info=&#8221;{}&#8221;][et_pb_row _builder_version=&#8221;4.16&#8243; background_size=&#8221;initial&#8221; background_position=&#8221;top_left&#8221; background_repeat=&#8221;repeat&#8221; global_colors_info=&#8221;{}&#8221;][et_pb_column type=&#8221;4_4&#8243; _builder_version=&#8221;4.16&#8243; custom_padding=&#8221;|||&#8221; global_colors_info=&#8221;{}&#8221; custom_padding__hover=&#8221;|||&#8221;][et_pb_divider disabled_on=&#8221;on|on|off&#8221; _builder_version=&#8221;4.16&#8243; hide_on_mobile=&#8221;on&#8221; global_colors_info=&#8221;{}&#8221;]&nbsp;<br \/>\n[\/et_pb_divider][\/et_pb_column][\/et_pb_row][\/et_pb_section][et_pb_section fb_built=&#8221;1&#8243; custom_padding_last_edited=&#8221;on|desktop&#8221; admin_label=&#8221;section&#8221; _builder_version=&#8221;4.16&#8243; custom_padding=&#8221;0px|||&#8221; custom_padding_tablet=&#8221;50px|0|50px|0&#8243; custom_padding_phone=&#8221;&#8221; transparent_background=&#8221;off&#8221; padding_mobile=&#8221;off&#8221; global_colors_info=&#8221;{}&#8221;][\/et_pb_section]<\/p>\n","protected":false},"excerpt":{"rendered":"<p>&nbsp; Sa\u011fl\u0131kl\u0131 d\u00fc\u015f\u00fcnebilen, i\u00e7 huzura ula\u015fm\u0131\u015f, erdemli ve g\u00fc\u00e7l\u00fc bireyler yeti\u015ftirmek. \u0130yi, do\u011fru ve g\u00fczel olan\u0131 hakim k\u0131lmada lider bir kurulu\u015f olmak\u015eehristan \u0130zcilik Spor Kul\u00fcb\u00fc,\u00a0 Kars ilinde tamam\u0131 g\u00f6n\u00fcll\u00fclerden olu\u015fan bir ekip taraf\u0131ndan 2015 y\u0131l\u0131nda kurulmu\u015f bir sivil toplum kurulu\u015fudur. Ama\u00e7lar\u0131m\u0131z: Minimum maliyete dayal\u0131 ve Allah(c.c.) r\u0131zas\u0131 bilinciyle \u00e7al\u0131\u015fmalar yapmak, Do\u011fa-\u0130nsan aras\u0131nda bozulan uyum ve [&hellip;]<\/p>\n","protected":false},"author":1,"featured_media":0,"parent":0,"menu_order":0,"comment_status":"closed","ping_status":"closed","template":"","meta":{"_et_pb_use_builder":"on","_et_pb_old_content":"","_et_gb_content_width":"","footnotes":""},"class_list":["post-147","page","type-page","status-publish","hentry"],"_links":{"self":[{"href":"https:\/\/sehristan.org\/index.php\/wp-json\/wp\/v2\/pages\/147","targetHints":{"allow":["GET"]}}],"collection":[{"href":"https:\/\/sehristan.org\/index.php\/wp-json\/wp\/v2\/pages"}],"about":[{"href":"https:\/\/sehristan.org\/index.php\/wp-json\/wp\/v2\/types\/page"}],"author":[{"embeddable":true,"href":"https:\/\/sehristan.org\/index.php\/wp-json\/wp\/v2\/users\/1"}],"replies":[{"embeddable":true,"href":"https:\/\/sehristan.org\/index.php\/wp-json\/wp\/v2\/comments?post=147"}],"version-history":[{"count":31,"href":"https:\/\/sehristan.org\/index.php\/wp-json\/wp\/v2\/pages\/147\/revisions"}],"predecessor-version":[{"id":1744,"href":"https:\/\/sehristan.org\/index.php\/wp-json\/wp\/v2\/pages\/147\/revisions\/1744"}],"wp:attachment":[{"href":"https:\/\/sehristan.org\/index.php\/wp-json\/wp\/v2\/media?parent=147"}],"curies":[{"name":"wp","href":"https:\/\/api.w.org\/{rel}","templated":true}]}}